{"id":151,"date":"2024-09-22T14:58:32","date_gmt":"2024-09-22T12:58:32","guid":{"rendered":"http:\/\/www.perny-silvestri.at\/genealogie\/?page_id=151"},"modified":"2024-09-26T15:00:11","modified_gmt":"2024-09-26T13:00:11","slug":"impressum-genealogie-perny-silvestri","status":"publish","type":"page","link":"http:\/\/www.perny-silvestri.at\/genealogie\/impressum-genealogie-perny-silvestri\/","title":{"rendered":"Impressum"},"content":{"rendered":"\t\t<div data-elementor-type=\"wp-page\" data-elementor-id=\"151\" class=\"elementor elementor-151\">\n\t\t\t\t\t\t<section class=\"elementor-section elementor-top-section elementor-element elementor-element-5a4effcd elementor-section-full_width elementor-section-height-min-height elementor-section-items-stretch elementor-section-content-middle elementor-section-height-default\" data-id=\"5a4effcd\" data-element_type=\"section\" data-e-type=\"section\" data-settings=\"{&quot;background_background&quot;:&quot;classic&quot;}\">\n\t\t\t\t\t\t\t<div class=\"elementor-background-overlay\"><\/div>\n\t\t\t\t\t\t\t<div class=\"elementor-container elementor-column-gap-no\">\n\t\t\t\t\t<div class=\"elementor-column elementor-col-100 elementor-top-column elementor-element elementor-element-242e211\" data-id=\"242e211\" data-element_type=\"column\" data-e-type=\"column\">\n\t\t\t<div class=\"elementor-widget-wrap\">\n\t\t\t\t\t\t\t<\/div>\n\t\t<\/div>\n\t\t\t\t\t<\/div>\n\t\t<\/section>\n\t\t\t\t<section class=\"elementor-section elementor-top-section elementor-element elementor-element-108480a9 elementor-section-full_width elementor-section-height-min-height elementor-section-items-stretch elementor-section-content-middle elementor-reverse-mobile elementor-reverse-tablet elementor-section-height-default\" data-id=\"108480a9\" data-element_type=\"section\" data-e-type=\"section\" data-settings=\"{&quot;background_background&quot;:&quot;classic&quot;}\">\n\t\t\t\t\t\t<div class=\"elementor-container elementor-column-gap-no\">\n\t\t\t\t\t<div class=\"elementor-column elementor-col-100 elementor-top-column elementor-element elementor-element-f13d9a2\" data-id=\"f13d9a2\" data-element_type=\"column\" data-e-type=\"column\">\n\t\t\t<div class=\"elementor-widget-wrap elementor-element-populated\">\n\t\t\t\t\t\t<div class=\"elementor-element elementor-element-6a4c358 elementor-widget elementor-widget-heading\" data-id=\"6a4c358\" data-element_type=\"widget\" data-e-type=\"widget\" data-widget_type=\"heading.default\">\n\t\t\t\t<div class=\"elementor-widget-container\">\n\t\t\t\t\t<h2 class=\"elementor-heading-title elementor-size-default\">Impressum<\/h2>\t\t\t\t<\/div>\n\t\t\t\t<\/div>\n\t\t\t\t<section class=\"elementor-section elementor-inner-section elementor-element elementor-element-f8d190a elementor-section-boxed elementor-section-height-default elementor-section-height-default\" data-id=\"f8d190a\" data-element_type=\"section\" data-e-type=\"section\">\n\t\t\t\t\t\t<div class=\"elementor-container elementor-column-gap-default\">\n\t\t\t\t\t<div class=\"elementor-column elementor-col-50 elementor-inner-column elementor-element elementor-element-f75fc6c\" data-id=\"f75fc6c\" data-element_type=\"column\" data-e-type=\"column\">\n\t\t\t<div class=\"elementor-widget-wrap elementor-element-populated\">\n\t\t\t\t\t\t<div class=\"elementor-element elementor-element-058d734 elementor-widget elementor-widget-text-editor\" data-id=\"058d734\" data-element_type=\"widget\" data-e-type=\"widget\" data-widget_type=\"text-editor.default\">\n\t\t\t\t<div class=\"elementor-widget-container\">\n\t\t\t\t\t\t\t\t\t<p><strong>Dieter Johann Perny <\/strong><\/p><p>Ke\u00dflergasse 22a\/5<br \/>A-2700 Wiener Neustadt<br \/>E-Mail: dieter@perny-silvestri.at<\/p><p>Unternehmensgegenstand:\u00a0Erstellung von Genealogien auf Grund allgemein zug\u00e4nglicher Daten (Ahnenforschung)\u2028GISA Zahl: 36455942<\/p><p><strong>Gestaltung Website<\/strong><br \/>Konzeption und technische Umsetzung<br \/>Markus Katzgraber<br \/><a style=\"color: black;\" href=\"https:\/\/www.pixlwerk.at\/\">pixlwerk e.U.<\/a><br \/>Webdesign | Webservices<\/p>\t\t\t\t\t\t\t\t<\/div>\n\t\t\t\t<\/div>\n\t\t\t\t\t<\/div>\n\t\t<\/div>\n\t\t\t\t<div class=\"elementor-column elementor-col-50 elementor-inner-column elementor-element elementor-element-196a07c\" data-id=\"196a07c\" data-element_type=\"column\" data-e-type=\"column\">\n\t\t\t<div class=\"elementor-widget-wrap elementor-element-populated\">\n\t\t\t\t\t\t<div class=\"elementor-element elementor-element-129063e elementor-widget elementor-widget-text-editor\" data-id=\"129063e\" data-element_type=\"widget\" data-e-type=\"widget\" data-widget_type=\"text-editor.default\">\n\t\t\t\t<div class=\"elementor-widget-container\">\n\t\t\t\t\t\t\t\t\t<p><strong>Alle Rechte vorbehalten<\/strong><br \/>Die auf der dieser Website bereitgestellten Texte, Bilder, Grafiken, Logos, usw. d\u00fcrfen nicht ver\u00e4ndert oder f\u00fcr Handelszwecke kopiert werden. Wir behalten uns auch vor, die Informationen dieser Website jederzeit ohne vorherige Ank\u00fcndigung zu aktualisieren oder zu \u00e4ndern.\u2028Bildquelle: Dieter Perny<br \/><br \/><strong>Haftungshinweis<\/strong><br \/>Trotz sorgf\u00e4ltiger inhaltlicher Kontrolle \u00fcbernehmen wir keine Haftung f\u00fcr die Inhalte externer Links. F\u00fcr den Inhalt der verlinkten Seiten sind ausschlie\u00dflich deren Betreiber verantwortlich. Der Unternehmer lehnt jegliche Haftung f\u00fcr unmittelbare, konkrete oder Folgesch\u00e4den sowie sonstige Sch\u00e4den jeglicher Art, die aus welchem Grund auch immer im Zusammenhang mit dem indirekten oder direkten Gebrauch der auf der Website bereitgestellten Informationen entstanden sind, ab.<br \/><br \/><strong>E-Mails<\/strong><br \/>Im Einklang mit dem E-Commerce-Gesetz (ECG) machen wir darauf aufmerksam, dass an uns gesendete E-Mails nur zu den branchen\u00fcblichen Gesch\u00e4fts\u00f6ffnungszeiten abgerufen und dann gegebenenfalls beantwortet werden.<br \/><br \/><strong>Keine Garantie<\/strong><br \/>Die Website wurde mit gr\u00f6\u00dfter Sorgfalt zusammengestellt, aber der Unternehmer kann f\u00fcr Fehlerfreiheit, Aktualit\u00e4t und Vollst\u00e4ndigkeit nicht garantieren.<\/p>\t\t\t\t\t\t\t\t<\/div>\n\t\t\t\t<\/div>\n\t\t\t\t\t<\/div>\n\t\t<\/div>\n\t\t\t\t\t<\/div>\n\t\t<\/section>\n\t\t\t\t\t<\/div>\n\t\t<\/div>\n\t\t\t\t\t<\/div>\n\t\t<\/section>\n\t\t\t\t<\/div>\n\t\t","protected":false},"excerpt":{"rendered":"<p>Impressum Dieter Johann Perny Ke\u00dflergasse 22a\/5A-2700 Wiener NeustadtE-Mail: dieter@perny-silvestri.at Unternehmensgegenstand:\u00a0Erstellung von Genealogien auf Grund allgemein zug\u00e4nglicher Daten (Ahnenforschung)\u2028GISA Zahl: 36455942 [&hellip;]<\/p>\n","protected":false},"author":1,"featured_media":0,"parent":0,"menu_order":0,"comment_status":"closed","ping_status":"closed","template":"","meta":{"site-sidebar-layout":"default","site-content-layout":"","ast-site-content-layout":"","site-content-style":"default","site-sidebar-style":"default","ast-global-header-display":"","ast-banner-title-visibility":"","ast-main-header-display":"","ast-hfb-above-header-display":"","ast-hfb-below-header-display":"","ast-hfb-mobile-header-display":"","site-post-title":"","ast-breadcrumbs-content":"","ast-featured-img":"","footer-sml-layout":"","theme-transparent-header-meta":"","adv-header-id-meta":"","stick-header-meta":"","header-above-stick-meta":"","header-main-stick-meta":"","header-below-stick-meta":"","astra-migrate-meta-layouts":"default","ast-page-background-enabled":"default","ast-page-background-meta":{"desktop":{"background-color":"var(--ast-global-color-4)","background-image":"","background-repeat":"repeat","background-position":"center center","background-size":"auto","background-attachment":"scroll","background-type":"","background-media":"","overlay-type":"","overlay-color":"","overlay-opacity":"","overlay-gradient":""},"tablet":{"background-color":"","background-image":"","background-repeat":"repeat","background-position":"center center","background-size":"auto","background-attachment":"scroll","background-type":"","background-media":"","overlay-type":"","overlay-color":"","overlay-opacity":"","overlay-gradient":""},"mobile":{"background-color":"","background-image":"","background-repeat":"repeat","background-position":"center center","background-size":"auto","background-attachment":"scroll","background-type":"","background-media":"","overlay-type":"","overlay-color":"","overlay-opacity":"","overlay-gradient":""}},"ast-content-background-meta":{"desktop":{"background-color":"var(--ast-global-color-5)","background-image":"","background-repeat":"repeat","background-position":"center center","background-size":"auto","background-attachment":"scroll","background-type":"","background-media":"","overlay-type":"","overlay-color":"","overlay-opacity":"","overlay-gradient":""},"tablet":{"background-color":"var(--ast-global-color-5)","background-image":"","background-repeat":"repeat","background-position":"center center","background-size":"auto","background-attachment":"scroll","background-type":"","background-media":"","overlay-type":"","overlay-color":"","overlay-opacity":"","overlay-gradient":""},"mobile":{"background-color":"var(--ast-global-color-5)","background-image":"","background-repeat":"repeat","background-position":"center center","background-size":"auto","background-attachment":"scroll","background-type":"","background-media":"","overlay-type":"","overlay-color":"","overlay-opacity":"","overlay-gradient":""}},"footnotes":""},"class_list":["post-151","page","type-page","status-publish","hentry"],"yoast_head":"<!-- This site is optimized with the Yoast SEO plugin v27.4 - https:\/\/yoast.com\/product\/yoast-seo-wordpress\/ -->\n<title>Impressum - Genealogie Perny-Silvestri<\/title>\n<meta name=\"description\" content=\"Impressum - Genealogie Perny-Silvestri. Dieter Johann Perny. Webdesign by pixlwerk\" \/>\n<meta name=\"robots\" content=\"noindex, nofollow\" \/>\n<meta property=\"og:locale\" content=\"de_DE\" \/>\n<meta property=\"og:type\" content=\"article\" \/>\n<meta property=\"og:title\" content=\"Impressum - Genealogie Perny-Silvestri\" \/>\n<meta property=\"og:description\" content=\"Impressum - Genealogie Perny-Silvestri. Dieter Johann Perny. Webdesign by pixlwerk\" \/>\n<meta property=\"og:url\" content=\"http:\/\/www.perny-silvestri.at\/genealogie\/impressum-genealogie-perny-silvestri\/\" \/>\n<meta property=\"article:modified_time\" content=\"2024-09-26T13:00:11+00:00\" \/>\n<meta name=\"twitter:card\" content=\"summary_large_image\" \/>\n<meta name=\"twitter:label1\" content=\"Gesch\u00e4tzte Lesezeit\" \/>\n\t<meta name=\"twitter:data1\" content=\"2\u00a0Minuten\" \/>\n<script type=\"application\/ld+json\" class=\"yoast-schema-graph\">{\"@context\":\"https:\\\/\\\/schema.org\",\"@graph\":[{\"@type\":\"WebPage\",\"@id\":\"http:\\\/\\\/www.perny-silvestri.at\\\/genealogie\\\/impressum-genealogie-perny-silvestri\\\/\",\"url\":\"http:\\\/\\\/www.perny-silvestri.at\\\/genealogie\\\/impressum-genealogie-perny-silvestri\\\/\",\"name\":\"Impressum - Genealogie Perny-Silvestri\",\"isPartOf\":{\"@id\":\"http:\\\/\\\/www.perny-silvestri.at\\\/genealogie\\\/#website\"},\"datePublished\":\"2024-09-22T12:58:32+00:00\",\"dateModified\":\"2024-09-26T13:00:11+00:00\",\"description\":\"Impressum - Genealogie Perny-Silvestri. Dieter Johann Perny. Webdesign by pixlwerk\",\"breadcrumb\":{\"@id\":\"http:\\\/\\\/www.perny-silvestri.at\\\/genealogie\\\/impressum-genealogie-perny-silvestri\\\/#breadcrumb\"},\"inLanguage\":\"de\",\"potentialAction\":[{\"@type\":\"ReadAction\",\"target\":[\"http:\\\/\\\/www.perny-silvestri.at\\\/genealogie\\\/impressum-genealogie-perny-silvestri\\\/\"]}]},{\"@type\":\"BreadcrumbList\",\"@id\":\"http:\\\/\\\/www.perny-silvestri.at\\\/genealogie\\\/impressum-genealogie-perny-silvestri\\\/#breadcrumb\",\"itemListElement\":[{\"@type\":\"ListItem\",\"position\":1,\"name\":\"Startseite\",\"item\":\"https:\\\/\\\/www.perny-silvestri.at\\\/genealogie\\\/\"},{\"@type\":\"ListItem\",\"position\":2,\"name\":\"Impressum\"}]},{\"@type\":\"WebSite\",\"@id\":\"http:\\\/\\\/www.perny-silvestri.at\\\/genealogie\\\/#website\",\"url\":\"http:\\\/\\\/www.perny-silvestri.at\\\/genealogie\\\/\",\"name\":\"Genealogie Perny-Silvestri\",\"description\":\"\",\"publisher\":{\"@id\":\"http:\\\/\\\/www.perny-silvestri.at\\\/genealogie\\\/#organization\"},\"potentialAction\":[{\"@type\":\"SearchAction\",\"target\":{\"@type\":\"EntryPoint\",\"urlTemplate\":\"http:\\\/\\\/www.perny-silvestri.at\\\/genealogie\\\/?s={search_term_string}\"},\"query-input\":{\"@type\":\"PropertyValueSpecification\",\"valueRequired\":true,\"valueName\":\"search_term_string\"}}],\"inLanguage\":\"de\"},{\"@type\":\"Organization\",\"@id\":\"http:\\\/\\\/www.perny-silvestri.at\\\/genealogie\\\/#organization\",\"name\":\"Genealogie Perny-Silvestri\",\"url\":\"http:\\\/\\\/www.perny-silvestri.at\\\/genealogie\\\/\",\"logo\":{\"@type\":\"ImageObject\",\"inLanguage\":\"de\",\"@id\":\"http:\\\/\\\/www.perny-silvestri.at\\\/genealogie\\\/#\\\/schema\\\/logo\\\/image\\\/\",\"url\":\"http:\\\/\\\/www.perny-silvestri.at\\\/genealogie\\\/wp-content\\\/uploads\\\/2024\\\/09\\\/cropped-Logo.png\",\"contentUrl\":\"http:\\\/\\\/www.perny-silvestri.at\\\/genealogie\\\/wp-content\\\/uploads\\\/2024\\\/09\\\/cropped-Logo.png\",\"width\":374,\"height\":172,\"caption\":\"Genealogie Perny-Silvestri\"},\"image\":{\"@id\":\"http:\\\/\\\/www.perny-silvestri.at\\\/genealogie\\\/#\\\/schema\\\/logo\\\/image\\\/\"}}]}<\/script>\n<!-- \/ Yoast SEO plugin. -->","yoast_head_json":{"title":"Impressum - Genealogie Perny-Silvestri","description":"Impressum - Genealogie Perny-Silvestri. Dieter Johann Perny. Webdesign by pixlwerk","robots":{"index":"noindex","follow":"nofollow"},"og_locale":"de_DE","og_type":"article","og_title":"Impressum - Genealogie Perny-Silvestri","og_description":"Impressum - Genealogie Perny-Silvestri. Dieter Johann Perny. Webdesign by pixlwerk","og_url":"http:\/\/www.perny-silvestri.at\/genealogie\/impressum-genealogie-perny-silvestri\/","article_modified_time":"2024-09-26T13:00:11+00:00","twitter_card":"summary_large_image","twitter_misc":{"Gesch\u00e4tzte Lesezeit":"2\u00a0Minuten"},"schema":{"@context":"https:\/\/schema.org","@graph":[{"@type":"WebPage","@id":"http:\/\/www.perny-silvestri.at\/genealogie\/impressum-genealogie-perny-silvestri\/","url":"http:\/\/www.perny-silvestri.at\/genealogie\/impressum-genealogie-perny-silvestri\/","name":"Impressum - Genealogie Perny-Silvestri","isPartOf":{"@id":"http:\/\/www.perny-silvestri.at\/genealogie\/#website"},"datePublished":"2024-09-22T12:58:32+00:00","dateModified":"2024-09-26T13:00:11+00:00","description":"Impressum - Genealogie Perny-Silvestri. Dieter Johann Perny. Webdesign by pixlwerk","breadcrumb":{"@id":"http:\/\/www.perny-silvestri.at\/genealogie\/impressum-genealogie-perny-silvestri\/#breadcrumb"},"inLanguage":"de","potentialAction":[{"@type":"ReadAction","target":["http:\/\/www.perny-silvestri.at\/genealogie\/impressum-genealogie-perny-silvestri\/"]}]},{"@type":"BreadcrumbList","@id":"http:\/\/www.perny-silvestri.at\/genealogie\/impressum-genealogie-perny-silvestri\/#breadcrumb","itemListElement":[{"@type":"ListItem","position":1,"name":"Startseite","item":"https:\/\/www.perny-silvestri.at\/genealogie\/"},{"@type":"ListItem","position":2,"name":"Impressum"}]},{"@type":"WebSite","@id":"http:\/\/www.perny-silvestri.at\/genealogie\/#website","url":"http:\/\/www.perny-silvestri.at\/genealogie\/","name":"Genealogie Perny-Silvestri","description":"","publisher":{"@id":"http:\/\/www.perny-silvestri.at\/genealogie\/#organization"},"potentialAction":[{"@type":"SearchAction","target":{"@type":"EntryPoint","urlTemplate":"http:\/\/www.perny-silvestri.at\/genealogie\/?s={search_term_string}"},"query-input":{"@type":"PropertyValueSpecification","valueRequired":true,"valueName":"search_term_string"}}],"inLanguage":"de"},{"@type":"Organization","@id":"http:\/\/www.perny-silvestri.at\/genealogie\/#organization","name":"Genealogie Perny-Silvestri","url":"http:\/\/www.perny-silvestri.at\/genealogie\/","logo":{"@type":"ImageObject","inLanguage":"de","@id":"http:\/\/www.perny-silvestri.at\/genealogie\/#\/schema\/logo\/image\/","url":"http:\/\/www.perny-silvestri.at\/genealogie\/wp-content\/uploads\/2024\/09\/cropped-Logo.png","contentUrl":"http:\/\/www.perny-silvestri.at\/genealogie\/wp-content\/uploads\/2024\/09\/cropped-Logo.png","width":374,"height":172,"caption":"Genealogie Perny-Silvestri"},"image":{"@id":"http:\/\/www.perny-silvestri.at\/genealogie\/#\/schema\/logo\/image\/"}}]}},"_links":{"self":[{"href":"http:\/\/www.perny-silvestri.at\/genealogie\/wp-json\/wp\/v2\/pages\/151","targetHints":{"allow":["GET"]}}],"collection":[{"href":"http:\/\/www.perny-silvestri.at\/genealogie\/wp-json\/wp\/v2\/pages"}],"about":[{"href":"http:\/\/www.perny-silvestri.at\/genealogie\/wp-json\/wp\/v2\/types\/page"}],"author":[{"embeddable":true,"href":"http:\/\/www.perny-silvestri.at\/genealogie\/wp-json\/wp\/v2\/users\/1"}],"replies":[{"embeddable":true,"href":"http:\/\/www.perny-silvestri.at\/genealogie\/wp-json\/wp\/v2\/comments?post=151"}],"version-history":[{"count":8,"href":"http:\/\/www.perny-silvestri.at\/genealogie\/wp-json\/wp\/v2\/pages\/151\/revisions"}],"predecessor-version":[{"id":361,"href":"http:\/\/www.perny-silvestri.at\/genealogie\/wp-json\/wp\/v2\/pages\/151\/revisions\/361"}],"wp:attachment":[{"href":"http:\/\/www.perny-silvestri.at\/genealogie\/wp-json\/wp\/v2\/media?parent=151"}],"curies":[{"name":"wp","href":"https:\/\/api.w.org\/{rel}","templated":true}]}}