{"id":143,"date":"2024-09-22T14:44:37","date_gmt":"2024-09-22T12:44:37","guid":{"rendered":"http:\/\/www.perny-silvestri.at\/genealogie\/?page_id=143"},"modified":"2026-03-12T10:50:13","modified_gmt":"2026-03-12T09:50:13","slug":"ueber-mich-genealogie-perny-silvestri","status":"publish","type":"page","link":"http:\/\/www.perny-silvestri.at\/genealogie\/ueber-mich-genealogie-perny-silvestri\/","title":{"rendered":"\u00dcber mich"},"content":{"rendered":"\t\t<div data-elementor-type=\"wp-page\" data-elementor-id=\"143\" class=\"elementor elementor-143\">\n\t\t\t\t\t\t<section class=\"elementor-section elementor-top-section elementor-element elementor-element-5a4effcd elementor-section-full_width elementor-section-height-min-height elementor-section-items-stretch elementor-section-content-middle elementor-section-height-default\" data-id=\"5a4effcd\" data-element_type=\"section\" data-e-type=\"section\" data-settings=\"{&quot;background_background&quot;:&quot;classic&quot;}\">\n\t\t\t\t\t\t\t<div class=\"elementor-background-overlay\"><\/div>\n\t\t\t\t\t\t\t<div class=\"elementor-container elementor-column-gap-no\">\n\t\t\t\t\t<div class=\"elementor-column elementor-col-100 elementor-top-column elementor-element elementor-element-242e211\" data-id=\"242e211\" data-element_type=\"column\" data-e-type=\"column\">\n\t\t\t<div class=\"elementor-widget-wrap\">\n\t\t\t\t\t\t\t<\/div>\n\t\t<\/div>\n\t\t\t\t\t<\/div>\n\t\t<\/section>\n\t\t\t\t<section class=\"elementor-section elementor-top-section elementor-element elementor-element-108480a9 elementor-section-full_width elementor-section-height-min-height elementor-section-items-stretch elementor-section-content-middle elementor-reverse-mobile elementor-reverse-tablet elementor-section-height-default\" data-id=\"108480a9\" data-element_type=\"section\" data-e-type=\"section\" data-settings=\"{&quot;background_background&quot;:&quot;classic&quot;}\">\n\t\t\t\t\t\t<div class=\"elementor-container elementor-column-gap-no\">\n\t\t\t\t\t<div class=\"elementor-column elementor-col-100 elementor-top-column elementor-element elementor-element-f13d9a2\" data-id=\"f13d9a2\" data-element_type=\"column\" data-e-type=\"column\">\n\t\t\t<div class=\"elementor-widget-wrap elementor-element-populated\">\n\t\t\t\t\t\t<div class=\"elementor-element elementor-element-6a4c358 elementor-widget elementor-widget-heading\" data-id=\"6a4c358\" data-element_type=\"widget\" data-e-type=\"widget\" data-widget_type=\"heading.default\">\n\t\t\t\t<div class=\"elementor-widget-container\">\n\t\t\t\t\t<h2 class=\"elementor-heading-title elementor-size-default\">\u00dcber mich<\/h2>\t\t\t\t<\/div>\n\t\t\t\t<\/div>\n\t\t\t\t<div class=\"elementor-element elementor-element-058d734 elementor-widget elementor-widget-text-editor\" data-id=\"058d734\" data-element_type=\"widget\" data-e-type=\"widget\" data-widget_type=\"text-editor.default\">\n\t\t\t\t<div class=\"elementor-widget-container\">\n\t\t\t\t\t\t\t\t\t<p>Ich bin Dieter Perny, geboren 1970 in Wien.<br \/>Im J\u00e4nner 2024 sind wir nach Wiener Neustadt gezogen, und wir genie\u00dfen es hier sehr.<br \/>Verheiratet bin ich mit meiner lieben Ehefrau Gerlinde seit 2007, und ich habe sechs Stiefs\u00f6hne.<\/p><p>Als Techniker habe ich schon lange einen Ausgleich zu meiner Arbeit gesucht,<br \/>und das Thema Ahnenforschung war schon als Teenager sehr interessant f\u00fcr mich.<br \/>Es gab damals nicht die M\u00f6glichkeiten die es heute gibt.<br \/>Im Jahr 2001 begann ich mich intensiv damit zu besch\u00e4ftigen, und mit dem Erhalt von Informationen<br \/>von anderen Ahnenfoschern war ich Feuer und Flamme und sa\u00df bis in die Nachtstunden an meinem Stammbaum.<br \/>Mittlerweile sind sehr viele Jahre vergangen, etliche Archivbesuche in \u00d6sterreich und Tschechien sp\u00e4ter,<br \/>und nat\u00fcrlich die neuen M\u00f6glichkeien via Internet, haben meinen Stammbaum auf knapp 10.000 Individuen anwachsen lassen.<\/p><p>Wer waren die Menschen, wie haben sie gelebt, was haben sie gearbeitet und vieles mehr.<br \/>Auf der Reise durch die Geschichte erf\u00e4hrt man diese hautnah, auch wenn die Eintr\u00e4ge in den B\u00fcchern nicht unmittelbar mit einem selbst zusammen h\u00e4ngen.<br \/>Seuchen, Naturereignisse, der 30 J\u00e4hrige Krieg oder auch Verbrechen, zeugen von der Vergangenheit.<br \/>Sehr interssant sind auch besondere Personen, wie zum Beispiel Abdecker, Henker, Sch\u00e4fer und<br \/>ein j\u00fcdischer Zweig machen die Suche nicht einfacher, aber spannender.<\/p><p>Ich lade Sie daher ein auf eine Reise in die Vergangenheit Ihrer Familie,<br \/>und ich w\u00fcrde auf jeden Fall auch die M\u00fctter ber\u00fccksichtigen, sie sind genauso wichtig wie Ihre V\u00e4ter!<\/p>\t\t\t\t\t\t\t\t<\/div>\n\t\t\t\t<\/div>\n\t\t\t\t\t<\/div>\n\t\t<\/div>\n\t\t\t\t\t<\/div>\n\t\t<\/section>\n\t\t\t\t<section class=\"elementor-section elementor-top-section elementor-element elementor-element-23ea3ee elementor-section-height-min-height elementor-section-boxed elementor-section-height-default elementor-section-items-middle\" data-id=\"23ea3ee\" data-element_type=\"section\" data-e-type=\"section\" data-settings=\"{&quot;background_background&quot;:&quot;classic&quot;}\">\n\t\t\t\t\t\t<div class=\"elementor-container elementor-column-gap-default\">\n\t\t\t\t\t<div class=\"elementor-column elementor-col-50 elementor-top-column elementor-element elementor-element-d52c9c1\" data-id=\"d52c9c1\" data-element_type=\"column\" data-e-type=\"column\">\n\t\t\t<div class=\"elementor-widget-wrap elementor-element-populated\">\n\t\t\t\t\t\t<div class=\"elementor-element elementor-element-52607f8 elementor-widget elementor-widget-image\" data-id=\"52607f8\" data-element_type=\"widget\" data-e-type=\"widget\" data-widget_type=\"image.default\">\n\t\t\t\t<div class=\"elementor-widget-container\">\n\t\t\t\t\t\t\t\t\t\t\t\t\t\t\t<img fetchpriority=\"high\" decoding=\"async\" width=\"284\" height=\"300\" src=\"http:\/\/www.perny-silvestri.at\/genealogie\/wp-content\/uploads\/2024\/09\/foto-284x300.jpg\" class=\"attachment-medium size-medium wp-image-147\" alt=\"\" srcset=\"http:\/\/www.perny-silvestri.at\/genealogie\/wp-content\/uploads\/2024\/09\/foto-284x300.jpg 284w, http:\/\/www.perny-silvestri.at\/genealogie\/wp-content\/uploads\/2024\/09\/foto.jpg 620w\" sizes=\"(max-width: 284px) 100vw, 284px\" \/>\t\t\t\t\t\t\t\t\t\t\t\t\t\t\t<\/div>\n\t\t\t\t<\/div>\n\t\t\t\t\t<\/div>\n\t\t<\/div>\n\t\t\t\t<div class=\"elementor-column elementor-col-50 elementor-top-column elementor-element elementor-element-51a3ff0\" data-id=\"51a3ff0\" data-element_type=\"column\" data-e-type=\"column\">\n\t\t\t<div class=\"elementor-widget-wrap elementor-element-populated\">\n\t\t\t\t\t\t<div class=\"elementor-element elementor-element-eb7fda7 elementor-widget elementor-widget-heading\" data-id=\"eb7fda7\" data-element_type=\"widget\" data-e-type=\"widget\" data-widget_type=\"heading.default\">\n\t\t\t\t<div class=\"elementor-widget-container\">\n\t\t\t\t\t<h2 class=\"elementor-heading-title elementor-size-default\">Lebenslauf<\/h2>\t\t\t\t<\/div>\n\t\t\t\t<\/div>\n\t\t\t\t<div class=\"elementor-element elementor-element-c9b7b29 elementor-widget elementor-widget-text-editor\" data-id=\"c9b7b29\" data-element_type=\"widget\" data-e-type=\"widget\" data-widget_type=\"text-editor.default\">\n\t\t\t\t<div class=\"elementor-widget-container\">\n\t\t\t\t\t\t\t\t\t<p>1970: Geboren und aufgewachsen in Wien<br \/>1990: Matura am TGM Wien 20<br \/>1990-1994: Studium Technische Physik und Astronomie<br \/>1994-1995: Zivildienst als Behindertenberteuer beim \u00d6HTB<br \/>1998: Ausbildung zum Entwickler am Mainframe<br \/>1999: Ausbildung zum DBA am Mainframe<br \/>2001: Ausbildung zum DBA auf MS SQL Server<br \/>1998-2006: Mainframe Entwickler bei der Wiener St\u00e4dischen<br \/>2007-2024: Mainframe Entwickler bei Generali<\/p><p>Mitglied bei Mensa \u00d6sterreich<\/p>\t\t\t\t\t\t\t\t<\/div>\n\t\t\t\t<\/div>\n\t\t\t\t<div class=\"elementor-element elementor-element-55a73b3 elementor-align-left elementor-widget elementor-widget-button\" data-id=\"55a73b3\" data-element_type=\"widget\" data-e-type=\"widget\" data-widget_type=\"button.default\">\n\t\t\t\t<div class=\"elementor-widget-container\">\n\t\t\t\t\t\t\t\t\t<div class=\"elementor-button-wrapper\">\n\t\t\t\t\t<a class=\"elementor-button elementor-button-link elementor-size-sm\" href=\"http:\/\/www.perny-silvestri.at\/genealogie-privat\/\" target=\"_blank\">\n\t\t\t\t\t\t<span class=\"elementor-button-content-wrapper\">\n\t\t\t\t\t\t\t\t\t<span class=\"elementor-button-text\">Stammbaum<\/span>\n\t\t\t\t\t<\/span>\n\t\t\t\t\t<\/a>\n\t\t\t\t<\/div>\n\t\t\t\t\t\t\t\t<\/div>\n\t\t\t\t<\/div>\n\t\t\t\t\t<\/div>\n\t\t<\/div>\n\t\t\t\t\t<\/div>\n\t\t<\/section>\n\t\t\t\t<\/div>\n\t\t","protected":false},"excerpt":{"rendered":"<p>\u00dcber mich Ich bin Dieter Perny, geboren 1970 in Wien.Im J\u00e4nner 2024 sind wir nach Wiener Neustadt gezogen, und wir [&hellip;]<\/p>\n","protected":false},"author":1,"featured_media":0,"parent":0,"menu_order":0,"comment_status":"closed","ping_status":"closed","template":"","meta":{"site-sidebar-layout":"default","site-content-layout":"","ast-site-content-layout":"","site-content-style":"default","site-sidebar-style":"default","ast-global-header-display":"","ast-banner-title-visibility":"","ast-main-header-display":"","ast-hfb-above-header-display":"","ast-hfb-below-header-display":"","ast-hfb-mobile-header-display":"","site-post-title":"","ast-breadcrumbs-content":"","ast-featured-img":"","footer-sml-layout":"","theme-transparent-header-meta":"","adv-header-id-meta":"","stick-header-meta":"","header-above-stick-meta":"","header-main-stick-meta":"","header-below-stick-meta":"","astra-migrate-meta-layouts":"default","ast-page-background-enabled":"default","ast-page-background-meta":{"desktop":{"background-color":"var(--ast-global-color-4)","background-image":"","background-repeat":"repeat","background-position":"center center","background-size":"auto","background-attachment":"scroll","background-type":"","background-media":"","overlay-type":"","overlay-color":"","overlay-opacity":"","overlay-gradient":""},"tablet":{"background-color":"","background-image":"","background-repeat":"repeat","background-position":"center center","background-size":"auto","background-attachment":"scroll","background-type":"","background-media":"","overlay-type":"","overlay-color":"","overlay-opacity":"","overlay-gradient":""},"mobile":{"background-color":"","background-image":"","background-repeat":"repeat","background-position":"center center","background-size":"auto","background-attachment":"scroll","background-type":"","background-media":"","overlay-type":"","overlay-color":"","overlay-opacity":"","overlay-gradient":""}},"ast-content-background-meta":{"desktop":{"background-color":"var(--ast-global-color-5)","background-image":"","background-repeat":"repeat","background-position":"center center","background-size":"auto","background-attachment":"scroll","background-type":"","background-media":"","overlay-type":"","overlay-color":"","overlay-opacity":"","overlay-gradient":""},"tablet":{"background-color":"var(--ast-global-color-5)","background-image":"","background-repeat":"repeat","background-position":"center center","background-size":"auto","background-attachment":"scroll","background-type":"","background-media":"","overlay-type":"","overlay-color":"","overlay-opacity":"","overlay-gradient":""},"mobile":{"background-color":"var(--ast-global-color-5)","background-image":"","background-repeat":"repeat","background-position":"center center","background-size":"auto","background-attachment":"scroll","background-type":"","background-media":"","overlay-type":"","overlay-color":"","overlay-opacity":"","overlay-gradient":""}},"footnotes":""},"class_list":["post-143","page","type-page","status-publish","hentry"],"yoast_head":"<!-- This site is optimized with the Yoast SEO plugin v27.4 - https:\/\/yoast.com\/product\/yoast-seo-wordpress\/ -->\n<title>\u00dcber mich -<\/title>\n<meta name=\"robots\" content=\"noindex, nofollow\" \/>\n<meta property=\"og:locale\" content=\"de_DE\" \/>\n<meta property=\"og:type\" content=\"article\" \/>\n<meta property=\"og:title\" content=\"\u00dcber mich -\" \/>\n<meta property=\"og:description\" content=\"\u00dcber mich Ich bin Dieter Perny, geboren 1970 in Wien.Im J\u00e4nner 2024 sind wir nach Wiener Neustadt gezogen, und wir [&hellip;]\" \/>\n<meta property=\"og:url\" content=\"http:\/\/www.perny-silvestri.at\/genealogie\/ueber-mich-genealogie-perny-silvestri\/\" \/>\n<meta property=\"article:modified_time\" content=\"2026-03-12T09:50:13+00:00\" \/>\n<meta property=\"og:image\" content=\"http:\/\/www.perny-silvestri.at\/genealogie\/wp-content\/uploads\/2024\/09\/foto-284x300.jpg\" \/>\n<meta name=\"twitter:card\" content=\"summary_large_image\" \/>\n<meta name=\"twitter:label1\" content=\"Gesch\u00e4tzte Lesezeit\" \/>\n\t<meta name=\"twitter:data1\" content=\"2\u00a0Minuten\" \/>\n<script type=\"application\/ld+json\" class=\"yoast-schema-graph\">{\"@context\":\"https:\\\/\\\/schema.org\",\"@graph\":[{\"@type\":\"WebPage\",\"@id\":\"http:\\\/\\\/www.perny-silvestri.at\\\/genealogie\\\/ueber-mich-genealogie-perny-silvestri\\\/\",\"url\":\"http:\\\/\\\/www.perny-silvestri.at\\\/genealogie\\\/ueber-mich-genealogie-perny-silvestri\\\/\",\"name\":\"\u00dcber mich -\",\"isPartOf\":{\"@id\":\"http:\\\/\\\/www.perny-silvestri.at\\\/genealogie\\\/#website\"},\"primaryImageOfPage\":{\"@id\":\"http:\\\/\\\/www.perny-silvestri.at\\\/genealogie\\\/ueber-mich-genealogie-perny-silvestri\\\/#primaryimage\"},\"image\":{\"@id\":\"http:\\\/\\\/www.perny-silvestri.at\\\/genealogie\\\/ueber-mich-genealogie-perny-silvestri\\\/#primaryimage\"},\"thumbnailUrl\":\"http:\\\/\\\/www.perny-silvestri.at\\\/genealogie\\\/wp-content\\\/uploads\\\/2024\\\/09\\\/foto-284x300.jpg\",\"datePublished\":\"2024-09-22T12:44:37+00:00\",\"dateModified\":\"2026-03-12T09:50:13+00:00\",\"breadcrumb\":{\"@id\":\"http:\\\/\\\/www.perny-silvestri.at\\\/genealogie\\\/ueber-mich-genealogie-perny-silvestri\\\/#breadcrumb\"},\"inLanguage\":\"de\",\"potentialAction\":[{\"@type\":\"ReadAction\",\"target\":[\"http:\\\/\\\/www.perny-silvestri.at\\\/genealogie\\\/ueber-mich-genealogie-perny-silvestri\\\/\"]}]},{\"@type\":\"ImageObject\",\"inLanguage\":\"de\",\"@id\":\"http:\\\/\\\/www.perny-silvestri.at\\\/genealogie\\\/ueber-mich-genealogie-perny-silvestri\\\/#primaryimage\",\"url\":\"http:\\\/\\\/www.perny-silvestri.at\\\/genealogie\\\/wp-content\\\/uploads\\\/2024\\\/09\\\/foto.jpg\",\"contentUrl\":\"http:\\\/\\\/www.perny-silvestri.at\\\/genealogie\\\/wp-content\\\/uploads\\\/2024\\\/09\\\/foto.jpg\",\"width\":620,\"height\":656},{\"@type\":\"BreadcrumbList\",\"@id\":\"http:\\\/\\\/www.perny-silvestri.at\\\/genealogie\\\/ueber-mich-genealogie-perny-silvestri\\\/#breadcrumb\",\"itemListElement\":[{\"@type\":\"ListItem\",\"position\":1,\"name\":\"Startseite\",\"item\":\"https:\\\/\\\/www.perny-silvestri.at\\\/genealogie\\\/\"},{\"@type\":\"ListItem\",\"position\":2,\"name\":\"\u00dcber mich\"}]},{\"@type\":\"WebSite\",\"@id\":\"http:\\\/\\\/www.perny-silvestri.at\\\/genealogie\\\/#website\",\"url\":\"http:\\\/\\\/www.perny-silvestri.at\\\/genealogie\\\/\",\"name\":\"Genealogie Perny-Silvestri\",\"description\":\"\",\"publisher\":{\"@id\":\"http:\\\/\\\/www.perny-silvestri.at\\\/genealogie\\\/#organization\"},\"potentialAction\":[{\"@type\":\"SearchAction\",\"target\":{\"@type\":\"EntryPoint\",\"urlTemplate\":\"http:\\\/\\\/www.perny-silvestri.at\\\/genealogie\\\/?s={search_term_string}\"},\"query-input\":{\"@type\":\"PropertyValueSpecification\",\"valueRequired\":true,\"valueName\":\"search_term_string\"}}],\"inLanguage\":\"de\"},{\"@type\":\"Organization\",\"@id\":\"http:\\\/\\\/www.perny-silvestri.at\\\/genealogie\\\/#organization\",\"name\":\"Genealogie Perny-Silvestri\",\"url\":\"http:\\\/\\\/www.perny-silvestri.at\\\/genealogie\\\/\",\"logo\":{\"@type\":\"ImageObject\",\"inLanguage\":\"de\",\"@id\":\"http:\\\/\\\/www.perny-silvestri.at\\\/genealogie\\\/#\\\/schema\\\/logo\\\/image\\\/\",\"url\":\"http:\\\/\\\/www.perny-silvestri.at\\\/genealogie\\\/wp-content\\\/uploads\\\/2024\\\/09\\\/cropped-Logo.png\",\"contentUrl\":\"http:\\\/\\\/www.perny-silvestri.at\\\/genealogie\\\/wp-content\\\/uploads\\\/2024\\\/09\\\/cropped-Logo.png\",\"width\":374,\"height\":172,\"caption\":\"Genealogie Perny-Silvestri\"},\"image\":{\"@id\":\"http:\\\/\\\/www.perny-silvestri.at\\\/genealogie\\\/#\\\/schema\\\/logo\\\/image\\\/\"}}]}<\/script>\n<!-- \/ Yoast SEO plugin. -->","yoast_head_json":{"title":"\u00dcber mich -","robots":{"index":"noindex","follow":"nofollow"},"og_locale":"de_DE","og_type":"article","og_title":"\u00dcber mich -","og_description":"\u00dcber mich Ich bin Dieter Perny, geboren 1970 in Wien.Im J\u00e4nner 2024 sind wir nach Wiener Neustadt gezogen, und wir [&hellip;]","og_url":"http:\/\/www.perny-silvestri.at\/genealogie\/ueber-mich-genealogie-perny-silvestri\/","article_modified_time":"2026-03-12T09:50:13+00:00","og_image":[{"url":"http:\/\/www.perny-silvestri.at\/genealogie\/wp-content\/uploads\/2024\/09\/foto-284x300.jpg","type":"","width":"","height":""}],"twitter_card":"summary_large_image","twitter_misc":{"Gesch\u00e4tzte Lesezeit":"2\u00a0Minuten"},"schema":{"@context":"https:\/\/schema.org","@graph":[{"@type":"WebPage","@id":"http:\/\/www.perny-silvestri.at\/genealogie\/ueber-mich-genealogie-perny-silvestri\/","url":"http:\/\/www.perny-silvestri.at\/genealogie\/ueber-mich-genealogie-perny-silvestri\/","name":"\u00dcber mich -","isPartOf":{"@id":"http:\/\/www.perny-silvestri.at\/genealogie\/#website"},"primaryImageOfPage":{"@id":"http:\/\/www.perny-silvestri.at\/genealogie\/ueber-mich-genealogie-perny-silvestri\/#primaryimage"},"image":{"@id":"http:\/\/www.perny-silvestri.at\/genealogie\/ueber-mich-genealogie-perny-silvestri\/#primaryimage"},"thumbnailUrl":"http:\/\/www.perny-silvestri.at\/genealogie\/wp-content\/uploads\/2024\/09\/foto-284x300.jpg","datePublished":"2024-09-22T12:44:37+00:00","dateModified":"2026-03-12T09:50:13+00:00","breadcrumb":{"@id":"http:\/\/www.perny-silvestri.at\/genealogie\/ueber-mich-genealogie-perny-silvestri\/#breadcrumb"},"inLanguage":"de","potentialAction":[{"@type":"ReadAction","target":["http:\/\/www.perny-silvestri.at\/genealogie\/ueber-mich-genealogie-perny-silvestri\/"]}]},{"@type":"ImageObject","inLanguage":"de","@id":"http:\/\/www.perny-silvestri.at\/genealogie\/ueber-mich-genealogie-perny-silvestri\/#primaryimage","url":"http:\/\/www.perny-silvestri.at\/genealogie\/wp-content\/uploads\/2024\/09\/foto.jpg","contentUrl":"http:\/\/www.perny-silvestri.at\/genealogie\/wp-content\/uploads\/2024\/09\/foto.jpg","width":620,"height":656},{"@type":"BreadcrumbList","@id":"http:\/\/www.perny-silvestri.at\/genealogie\/ueber-mich-genealogie-perny-silvestri\/#breadcrumb","itemListElement":[{"@type":"ListItem","position":1,"name":"Startseite","item":"https:\/\/www.perny-silvestri.at\/genealogie\/"},{"@type":"ListItem","position":2,"name":"\u00dcber mich"}]},{"@type":"WebSite","@id":"http:\/\/www.perny-silvestri.at\/genealogie\/#website","url":"http:\/\/www.perny-silvestri.at\/genealogie\/","name":"Genealogie Perny-Silvestri","description":"","publisher":{"@id":"http:\/\/www.perny-silvestri.at\/genealogie\/#organization"},"potentialAction":[{"@type":"SearchAction","target":{"@type":"EntryPoint","urlTemplate":"http:\/\/www.perny-silvestri.at\/genealogie\/?s={search_term_string}"},"query-input":{"@type":"PropertyValueSpecification","valueRequired":true,"valueName":"search_term_string"}}],"inLanguage":"de"},{"@type":"Organization","@id":"http:\/\/www.perny-silvestri.at\/genealogie\/#organization","name":"Genealogie Perny-Silvestri","url":"http:\/\/www.perny-silvestri.at\/genealogie\/","logo":{"@type":"ImageObject","inLanguage":"de","@id":"http:\/\/www.perny-silvestri.at\/genealogie\/#\/schema\/logo\/image\/","url":"http:\/\/www.perny-silvestri.at\/genealogie\/wp-content\/uploads\/2024\/09\/cropped-Logo.png","contentUrl":"http:\/\/www.perny-silvestri.at\/genealogie\/wp-content\/uploads\/2024\/09\/cropped-Logo.png","width":374,"height":172,"caption":"Genealogie Perny-Silvestri"},"image":{"@id":"http:\/\/www.perny-silvestri.at\/genealogie\/#\/schema\/logo\/image\/"}}]}},"_links":{"self":[{"href":"http:\/\/www.perny-silvestri.at\/genealogie\/wp-json\/wp\/v2\/pages\/143","targetHints":{"allow":["GET"]}}],"collection":[{"href":"http:\/\/www.perny-silvestri.at\/genealogie\/wp-json\/wp\/v2\/pages"}],"about":[{"href":"http:\/\/www.perny-silvestri.at\/genealogie\/wp-json\/wp\/v2\/types\/page"}],"author":[{"embeddable":true,"href":"http:\/\/www.perny-silvestri.at\/genealogie\/wp-json\/wp\/v2\/users\/1"}],"replies":[{"embeddable":true,"href":"http:\/\/www.perny-silvestri.at\/genealogie\/wp-json\/wp\/v2\/comments?post=143"}],"version-history":[{"count":46,"href":"http:\/\/www.perny-silvestri.at\/genealogie\/wp-json\/wp\/v2\/pages\/143\/revisions"}],"predecessor-version":[{"id":418,"href":"http:\/\/www.perny-silvestri.at\/genealogie\/wp-json\/wp\/v2\/pages\/143\/revisions\/418"}],"wp:attachment":[{"href":"http:\/\/www.perny-silvestri.at\/genealogie\/wp-json\/wp\/v2\/media?parent=143"}],"curies":[{"name":"wp","href":"https:\/\/api.w.org\/{rel}","templated":true}]}}